{"id":1856,"date":"2022-11-08T16:20:02","date_gmt":"2022-11-08T15:20:02","guid":{"rendered":"https:\/\/www.mecanyvois.com\/our-activities\/installation\/"},"modified":"2023-06-05T10:05:22","modified_gmt":"2023-06-05T08:05:22","slug":"installation","status":"publish","type":"page","link":"https:\/\/www.mecanyvois.com\/en\/our-activities\/installation\/","title":{"rendered":"Installation"},"content":{"rendered":"<p>[et_pb_section fb_built=&#8221;1&#8243; admin_label=&#8221;Section&#8221; _builder_version=&#8221;4.18.0&#8243; _module_preset=&#8221;default&#8221; use_background_color_gradient=&#8221;on&#8221; background_color_gradient_direction=&#8221;105deg&#8221; background_color_gradient_stops=&#8221;rgba(10,55,115,0.63) 0%|rgba(83,175,50,0.63) 100%&#8221; background_color_gradient_overlays_image=&#8221;on&#8221; background_image=&#8221;https:\/\/www.mecanyvois.com\/files\/2022\/11\/178-Mecanyvois-Bazeilles-178-1-scaled.jpg&#8221; background_enable_video_mp4=&#8221;off&#8221; background_video_pause_outside_viewport=&#8221;off&#8221; min_height=&#8221;650px&#8221; min_height_tablet=&#8221;650px&#8221; min_height_phone=&#8221;450px&#8221; min_height_last_edited=&#8221;on|phone&#8221; custom_padding=&#8221;0px||0px||false|false&#8221; da_disable_devices=&#8221;off|off|off&#8221; global_colors_info=&#8221;{}&#8221; da_is_popup=&#8221;off&#8221; da_exit_intent=&#8221;off&#8221; da_has_close=&#8221;on&#8221; da_alt_close=&#8221;off&#8221; da_dark_close=&#8221;off&#8221; da_not_modal=&#8221;on&#8221; da_is_singular=&#8221;off&#8221; da_with_loader=&#8221;off&#8221; da_has_shadow=&#8221;on&#8221;][et_pb_row _builder_version=&#8221;4.18.0&#8243; _module_preset=&#8221;default&#8221; positioning=&#8221;absolute&#8221; position_origin_a=&#8221;bottom_left&#8221; width=&#8221;100%&#8221; max_width=&#8221;100%&#8221; custom_margin=&#8221;-48px|auto||auto||&#8221; custom_padding=&#8221;0px||0px|||&#8221; custom_css_main_element=&#8221;width: 100% !important;||max-width: 100% !important;&#8221; global_colors_info=&#8221;{}&#8221;][et_pb_column type=&#8221;4_4&#8243; _builder_version=&#8221;4.18.0&#8243; _module_preset=&#8221;default&#8221; global_colors_info=&#8221;{}&#8221;][et_pb_image src=&#8221;http:\/\/mecanyvois.preprod-websites-lv.com\/files\/2022\/09\/bg-slider@2x.png&#8221; title_text=&#8221;bg-slider@2x&#8221; _builder_version=&#8221;4.18.0&#8243; _module_preset=&#8221;default&#8221; global_colors_info=&#8221;{}&#8221;][\/et_pb_image][\/et_pb_column][\/et_pb_row][et_pb_row custom_padding_last_edited=&#8221;on|phone&#8221; admin_label=&#8221;Ligne&#8221; _builder_version=&#8221;4.18.0&#8243; _module_preset=&#8221;default&#8221; positioning=&#8221;none&#8221; position_origin_a=&#8221;top_center&#8221; custom_padding=&#8221;290px||||false|false&#8221; custom_padding_tablet=&#8221;290px||||false|false&#8221; custom_padding_phone=&#8221;200px||||false|false&#8221; global_colors_info=&#8221;{}&#8221;][et_pb_column type=&#8221;4_4&#8243; _builder_version=&#8221;4.18.0&#8243; _module_preset=&#8221;default&#8221; global_colors_info=&#8221;{}&#8221;][et_pb_text admin_label=&#8221;Texte&#8221; _builder_version=&#8221;4.21.0&#8243; _module_preset=&#8221;default&#8221; text_font=&#8221;Armata||||||||&#8221; text_text_color=&#8221;#FFFFFF&#8221; text_font_size=&#8221;18px&#8221; header_text_align=&#8221;left&#8221; header_font_size=&#8221;35px&#8221; max_width=&#8221;40%&#8221; max_width_tablet=&#8221;40%&#8221; max_width_phone=&#8221;100%&#8221; max_width_last_edited=&#8221;on|phone&#8221; hover_enabled=&#8221;0&#8243; text_font_size_tablet=&#8221;25px&#8221; text_font_size_phone=&#8221;20px&#8221; text_font_size_last_edited=&#8221;on|phone&#8221; locked=&#8221;off&#8221; global_colors_info=&#8221;{}&#8221; sticky_enabled=&#8221;0&#8243;]<\/p>\n<h1>Installation<\/h1>\n<p>All around the world, closer to your needs<\/p>\n<p>[\/et_pb_text][\/et_pb_column][\/et_pb_row][\/et_pb_section][et_pb_section fb_built=&#8221;1&#8243; _builder_version=&#8221;4.18.0&#8243; _module_preset=&#8221;default&#8221; background_image=&#8221;https:\/\/www.mecanyvois.com\/files\/2022\/10\/g05340001-001_hfix02-1011-crop-u2814.jpg&#8221; background_size=&#8221;contain&#8221; background_position=&#8221;bottom_left&#8221; custom_padding=&#8221;||0px|||&#8221; da_disable_devices=&#8221;off|off|off&#8221; global_colors_info=&#8221;{}&#8221; da_is_popup=&#8221;off&#8221; da_exit_intent=&#8221;off&#8221; da_has_close=&#8221;on&#8221; da_alt_close=&#8221;off&#8221; da_dark_close=&#8221;off&#8221; da_not_modal=&#8221;on&#8221; da_is_singular=&#8221;off&#8221; da_with_loader=&#8221;off&#8221; da_has_shadow=&#8221;on&#8221;][et_pb_row _builder_version=&#8221;4.18.0&#8243; _module_preset=&#8221;default&#8221; max_width=&#8221;80%&#8221; module_alignment=&#8221;right&#8221; animation_style=&#8221;slide&#8221; animation_direction=&#8221;right&#8221; custom_css_before=&#8221;content: &#8221;;||background: #51AD31;||left: -5px;||width: 10px;||height: 50%;||position: absolute;||z-index: 10;||top: 190px;&#8221; global_colors_info=&#8221;{}&#8221; custom_css_main_element_last_edited=&#8221;on|phone&#8221; custom_css_main_element_phone=&#8221;width: 100% !important;||max-width: 100% !important;&#8221;][et_pb_column type=&#8221;4_4&#8243; _builder_version=&#8221;4.18.0&#8243; _module_preset=&#8221;default&#8221; global_colors_info=&#8221;{}&#8221;][et_pb_code _builder_version=&#8221;4.21.0&#8243; _module_preset=&#8221;default&#8221; hover_enabled=&#8221;0&#8243; border_radii=&#8221;off|30px|||30px&#8221; box_shadow_style=&#8221;preset1&#8243; box_shadow_horizontal=&#8221;-11px&#8221; box_shadow_vertical=&#8221;5px&#8221; global_colors_info=&#8221;{}&#8221; sticky_enabled=&#8221;0&#8243;]\n\t\t\t<!-- START installation (EN) REVOLUTION SLIDER 6.6.4 --><p class=\"rs-p-wp-fix\"><\/p>\n\t\t\t<rs-module-wrap id=\"rev_slider_24_1_wrapper\" data-source=\"gallery\" style=\"visibility:hidden;background:transparent;padding:0;margin:0px auto;margin-top:0;margin-bottom:0;\">\n\t\t\t\t<rs-module id=\"rev_slider_24_1\" style=\"\" data-version=\"6.6.4\">\n\t\t\t\t\t<rs-slides style=\"overflow: hidden; position: absolute;\">\n\t\t\t\t\t\t<rs-slide style=\"position: absolute;\" data-key=\"rs-102\" data-title=\"Slide\" data-thumb=\"\/\/www.mecanyvois.com\/files\/2022\/11\/262-Mecanyvois-Tunis-262-scaled-50x100.jpg\" data-in=\"o:0;\" data-out=\"a:false;\">\n\t\t\t\t\t\t\t<img decoding=\"async\" src=\"\/\/www.mecanyvois.com\/wp-content\/plugins\/revslider\/public\/assets\/assets\/dummy.png\" alt=\"\" title=\"262-Mecanyvois Tunis-262\" width=\"2560\" height=\"1707\" class=\"rev-slidebg tp-rs-img rs-lazyload\" data-lazyload=\"\/\/www.mecanyvois.com\/files\/2022\/11\/262-Mecanyvois-Tunis-262-scaled.jpg\" data-panzoom=\"d:10000;ss:100;se:110%;\" data-no-retina>\n<!---->\t\t\t\t\t\t<\/rs-slide>\n\t\t\t\t\t\t<rs-slide style=\"position: absolute;\" data-key=\"rs-103\" data-title=\"Slide\" data-thumb=\"\/\/www.mecanyvois.com\/files\/2022\/11\/314-Mecanyvois-Tunis-314-scaled-50x100.jpg\" data-in=\"o:0;\" data-out=\"a:false;\">\n\t\t\t\t\t\t\t<img decoding=\"async\" src=\"\/\/www.mecanyvois.com\/wp-content\/plugins\/revslider\/public\/assets\/assets\/dummy.png\" alt=\"\" title=\"314-Mecanyvois Tunis-314\" width=\"2560\" height=\"1707\" class=\"rev-slidebg tp-rs-img rs-lazyload\" data-lazyload=\"\/\/www.mecanyvois.com\/files\/2022\/11\/314-Mecanyvois-Tunis-314-scaled.jpg\" data-panzoom=\"d:10000;ss:100;se:110%;\" data-no-retina>\n<!---->\t\t\t\t\t\t<\/rs-slide>\n\t\t\t\t\t\t<rs-slide style=\"position: absolute;\" data-key=\"rs-104\" data-title=\"Slide\" data-thumb=\"\/\/www.mecanyvois.com\/files\/2022\/11\/87-Mecanyvois-Bazeilles-86-scaled-50x100.jpg\" data-in=\"o:0;\" data-out=\"a:false;\">\n\t\t\t\t\t\t\t<img decoding=\"async\" src=\"\/\/www.mecanyvois.com\/wp-content\/plugins\/revslider\/public\/assets\/assets\/dummy.png\" alt=\"\" title=\"87-Mecanyvois Bazeilles-86\" width=\"2560\" height=\"1707\" class=\"rev-slidebg tp-rs-img rs-lazyload\" data-lazyload=\"\/\/www.mecanyvois.com\/files\/2022\/11\/87-Mecanyvois-Bazeilles-86-scaled.jpg\" data-panzoom=\"d:10000;ss:100;se:110%;\" data-no-retina>\n<!---->\t\t\t\t\t\t<\/rs-slide>\n\t\t\t\t\t\t<rs-slide style=\"position: absolute;\" data-key=\"rs-105\" data-title=\"Slide\" data-thumb=\"\/\/www.mecanyvois.com\/files\/2022\/11\/183-Mecanyvois-Bazeilles-183-scaled-50x100.jpg\" data-in=\"o:0;\" data-out=\"a:false;\">\n\t\t\t\t\t\t\t<img decoding=\"async\" src=\"\/\/www.mecanyvois.com\/wp-content\/plugins\/revslider\/public\/assets\/assets\/dummy.png\" alt=\"\" title=\"183-Mecanyvois Bazeilles-183\" width=\"2560\" height=\"1707\" class=\"rev-slidebg tp-rs-img rs-lazyload\" data-lazyload=\"\/\/www.mecanyvois.com\/files\/2022\/11\/183-Mecanyvois-Bazeilles-183-scaled.jpg\" data-panzoom=\"d:10000;ss:100;se:110%;\" data-no-retina>\n<!---->\t\t\t\t\t\t<\/rs-slide>\n\t\t\t\t\t\t<rs-slide style=\"position: absolute;\" data-key=\"rs-106\" data-title=\"Slide\" data-thumb=\"\/\/www.mecanyvois.com\/files\/2023\/02\/140516_mecanyvois_001-scaled-50x100.jpg\" data-in=\"o:0;\" data-out=\"a:false;\">\n\t\t\t\t\t\t\t<img decoding=\"async\" src=\"\/\/www.mecanyvois.com\/wp-content\/plugins\/revslider\/public\/assets\/assets\/dummy.png\" alt=\"\" title=\"Mecanyvvois Saint Nzaire\" width=\"2560\" height=\"1707\" class=\"rev-slidebg tp-rs-img rs-lazyload\" data-lazyload=\"\/\/www.mecanyvois.com\/files\/2023\/02\/140516_mecanyvois_001-scaled.jpg\" data-bg=\"p:center bottom;\" data-panzoom=\"d:10000;ss:100;se:110%;\" data-no-retina>\n<!---->\t\t\t\t\t\t<\/rs-slide>\n\t\t\t\t\t<\/rs-slides>\n\t\t\t\t\t<rs-static-layers><!--\n\n\t\t\t\t\t\t\t--><rs-layer\n\t\t\t\t\t\t\t\tid=\"slider-24-slide-24-layer-0\" \n\t\t\t\t\t\t\t\tclass=\"rs-layer-static\"\n\t\t\t\t\t\t\t\tdata-type=\"shape\"\n\t\t\t\t\t\t\t\tdata-rsp_ch=\"on\"\n\t\t\t\t\t\t\t\tdata-xy=\"x:c;y:m;\"\n\t\t\t\t\t\t\t\tdata-text=\"w:normal;s:20,20,20,5;l:0,0,0,6;\"\n\t\t\t\t\t\t\t\tdata-dim=\"w:1560px,1560px,1560px,450px;h:578px,578px,578px,543px;\"\n\t\t\t\t\t\t\t\tdata-onslides=\"s:1;\"\n\t\t\t\t\t\t\t\tdata-frame_999=\"o:0;st:w;\"\n\t\t\t\t\t\t\t\tstyle=\"z-index:5;background:linear-gradient(90deg, rgba(10,55,115,0.89) 0%, rgba(10,55,115,0.89) 33%, rgba(10,55,115,0) 100%);\"\n\t\t\t\t\t\t\t> \n\t\t\t\t\t\t\t<\/rs-layer><!--\n\n\t\t\t\t\t\t\t--><h2\n\t\t\t\t\t\t\t\tid=\"slider-24-slide-24-layer-1\" \n\t\t\t\t\t\t\t\tclass=\"rs-layer rs-layer-static\"\n\t\t\t\t\t\t\t\tdata-type=\"text\"\n\t\t\t\t\t\t\t\tdata-rsp_ch=\"on\"\n\t\t\t\t\t\t\t\tdata-xy=\"xo:177px,177px,177px,67px;yo:148px,148px,148px,119px;\"\n\t\t\t\t\t\t\t\tdata-text=\"w:normal;s:35,35,35,47;l:39,39,39,58;\"\n\t\t\t\t\t\t\t\tdata-dim=\"w:auto,auto,auto,320px;h:auto,auto,auto,131px;\"\n\t\t\t\t\t\t\t\tdata-onslides=\"s:1;\"\n\t\t\t\t\t\t\t\tdata-frame_999=\"o:0;st:w;\"\n\t\t\t\t\t\t\t\tstyle=\"z-index:6;font-family:'Armata';\"\n\t\t\t\t\t\t\t>On-site installation \/ Adjustment \n\t\t\t\t\t\t\t<\/h2><!--\n\n\t\t\t\t\t\t\t--><rs-layer\n\t\t\t\t\t\t\t\tid=\"slider-24-slide-24-layer-2\" \n\t\t\t\t\t\t\t\tclass=\"rs-layer-static\"\n\t\t\t\t\t\t\t\tdata-type=\"image\"\n\t\t\t\t\t\t\t\tdata-rsp_ch=\"on\"\n\t\t\t\t\t\t\t\tdata-xy=\"xo:121px,121px,121px,27px;yo:104px,104px,104px,109px;\"\n\t\t\t\t\t\t\t\tdata-text=\"w:normal;s:20,20,20,5;l:0,0,0,6;\"\n\t\t\t\t\t\t\t\tdata-dim=\"w:106px,106px,106px,102px;h:106px,106px,106px,102px;\"\n\t\t\t\t\t\t\t\tdata-onslides=\"s:1;\"\n\t\t\t\t\t\t\t\tdata-frame_999=\"o:0;st:w;\"\n\t\t\t\t\t\t\t\tstyle=\"z-index:7;\"\n\t\t\t\t\t\t\t><img decoding=\"async\" src=\"\/\/www.mecanyvois.com\/wp-content\/plugins\/revslider\/public\/assets\/assets\/dummy.png\" alt=\"\" class=\"tp-rs-img rs-lazyload\" width=\"106\" height=\"106\" data-lazyload=\"\/\/www.mecanyvois.com\/files\/2022\/11\/technique-v1-copie.png\" data-no-retina> \n\t\t\t\t\t\t\t<\/rs-layer><!--\n\n\t\t\t\t\t\t\t--><rs-layer\n\t\t\t\t\t\t\t\tid=\"slider-24-slide-24-layer-3\" \n\t\t\t\t\t\t\t\tclass=\"list-fab rs-layer-static\"\n\t\t\t\t\t\t\t\tdata-type=\"text\"\n\t\t\t\t\t\t\t\tdata-rsp_ch=\"on\"\n\t\t\t\t\t\t\t\tdata-xy=\"xo:243px,243px,243px,67px;yo:200px,200px,200px,243px;\"\n\t\t\t\t\t\t\t\tdata-text=\"w:normal;s:20,20,20,16;l:25,25,25,19;\"\n\t\t\t\t\t\t\t\tdata-dim=\"w:auto,auto,auto,365px;h:auto,auto,auto,270px;\"\n\t\t\t\t\t\t\t\tdata-onslides=\"s:1;\"\n\t\t\t\t\t\t\t\tdata-frame_0=\"x:0,0,0,0px;y:0,0,0,0px;\"\n\t\t\t\t\t\t\t\tdata-frame_1=\"x:0,0,0,0px;y:0,0,0,0px;\"\n\t\t\t\t\t\t\t\tdata-frame_999=\"o:0;st:w;\"\n\t\t\t\t\t\t\t\tstyle=\"z-index:8;font-family:'Open Sans';\"\n\t\t\t\t\t\t\t><ul><br \/>\n<li>On-site assembly: mechanical \/ pneumatic \/ electrical ...<\/li><br \/>\n<li>On-site measurement and adjustment<\/li><br \/>\n<li>Certified telescopic handlers, forklift trucks, and access platforms, all fully electric<\/li><br \/>\n<br \/>\nWith our teams and our means, we install our achievements on your site anywhere in the world.<br \/>\n<\/ul> \n\t\t\t\t\t\t\t<\/rs-layer><!--\n\t\t\t\t\t--><\/rs-static-layers>\n\t\t\t\t<\/rs-module>\n\t\t\t\t<script>\n\t\t\t\t\tsetREVStartSize({c: 'rev_slider_24_1',rl:[1240,1240,1240,480],el:[700,700,700,720],gw:[1660,1660,1660,480],gh:[700,700,700,720],type:'standard',justify:'',layout:'fullwidth',mh:\"0\"});if (window.RS_MODULES!==undefined && window.RS_MODULES.modules!==undefined && window.RS_MODULES.modules[\"revslider241\"]!==undefined) {window.RS_MODULES.modules[\"revslider241\"].once = false;window.revapi24 = undefined;if (window.RS_MODULES.checkMinimal!==undefined) window.RS_MODULES.checkMinimal()}\n\t\t\t\t<\/script>\n\t\t\t<\/rs-module-wrap>\n\t\t\t<!-- END REVOLUTION SLIDER -->\n[\/et_pb_code][\/et_pb_column][\/et_pb_row][\/et_pb_section][et_pb_section fb_built=&#8221;1&#8243; _builder_version=&#8221;4.18.0&#8243; _module_preset=&#8221;default&#8221; custom_margin=&#8221;50px|||||&#8221; custom_padding=&#8221;0px||0px|||&#8221; da_disable_devices=&#8221;off|off|off&#8221; global_colors_info=&#8221;{}&#8221; da_is_popup=&#8221;off&#8221; da_exit_intent=&#8221;off&#8221; da_has_close=&#8221;on&#8221; da_alt_close=&#8221;off&#8221; da_dark_close=&#8221;off&#8221; da_not_modal=&#8221;on&#8221; da_is_singular=&#8221;off&#8221; da_with_loader=&#8221;off&#8221; da_has_shadow=&#8221;on&#8221;][\/et_pb_section][et_pb_section fb_built=&#8221;1&#8243; _builder_version=&#8221;4.18.0&#8243; _module_preset=&#8221;default&#8221; use_background_color_gradient=&#8221;on&#8221; background_color_gradient_stops=&#8221;#0a3773 0%|#051c3a 100%&#8221; background_image=&#8221;https:\/\/www.mecanyvois.com\/files\/2022\/10\/Groupe-2-1.png&#8221; background_size=&#8221;initial&#8221; custom_margin=&#8221;||-150px||false|false&#8221; custom_padding=&#8221;40px|20px|150px|20px|false|true&#8221; da_disable_devices=&#8221;off|off|off&#8221; locked=&#8221;off&#8221; global_colors_info=&#8221;{}&#8221; da_is_popup=&#8221;off&#8221; da_exit_intent=&#8221;off&#8221; da_has_close=&#8221;on&#8221; da_alt_close=&#8221;off&#8221; da_dark_close=&#8221;off&#8221; da_not_modal=&#8221;on&#8221; da_is_singular=&#8221;off&#8221; da_with_loader=&#8221;off&#8221; da_has_shadow=&#8221;on&#8221;][et_pb_row column_structure=&#8221;1_2,1_2&#8243; custom_padding_last_edited=&#8221;on|phone&#8221; _builder_version=&#8221;4.18.0&#8243; _module_preset=&#8221;default&#8221; max_width=&#8221;1240px&#8221; module_alignment=&#8221;center&#8221; custom_padding=&#8221;0px|0px|110px|50px|false|false&#8221; custom_padding_tablet=&#8221;0px|25%||50px|false|false&#8221; custom_padding_phone=&#8221;0px|0%||0px|false|false&#8221; global_colors_info=&#8221;{}&#8221;][et_pb_column type=&#8221;1_2&#8243; _builder_version=&#8221;4.18.0&#8243; _module_preset=&#8221;default&#8221; global_colors_info=&#8221;{}&#8221;][et_pb_image src=&#8221;https:\/\/www.mecanyvois.com\/files\/2022\/11\/Visuel-mapbis2x-arrow.png&#8221; title_text=&#8221;Visuel-mapbis2x arrow&#8221; _builder_version=&#8221;4.18.0&#8243; _module_preset=&#8221;default&#8221; animation_style=&#8221;fade&#8221; global_colors_info=&#8221;{}&#8221;][\/et_pb_image][\/et_pb_column][et_pb_column type=&#8221;1_2&#8243; _builder_version=&#8221;4.18.0&#8243; _module_preset=&#8221;default&#8221; global_colors_info=&#8221;{}&#8221;][et_pb_text module_class=&#8221;top-title&#8221; _builder_version=&#8221;4.18.0&#8243; _module_preset=&#8221;default&#8221; text_font=&#8221;Open Sans|700|||||||&#8221; text_text_color=&#8221;#FFFFFF&#8221; header_font=&#8221;Open Sans|700|||||||&#8221; text_orientation=&#8221;right&#8221; custom_margin=&#8221;||13px|||&#8221; text_orientation_tablet=&#8221;right&#8221; text_orientation_phone=&#8221;left&#8221; text_orientation_last_edited=&#8221;on|phone&#8221; custom_css_before=&#8221;content:&#8221;;||background: #fff;||width: 125px;||height: 1px;||display: inline-block;||margin-right: 10px;&#8221; locked=&#8221;off&#8221; global_colors_info=&#8221;{}&#8221;][\/et_pb_text][et_pb_text _builder_version=&#8221;4.21.0&#8243; _module_preset=&#8221;default&#8221; header_2_font=&#8221;Armata||||||||&#8221; header_2_text_align=&#8221;right&#8221; header_2_text_color=&#8221;#FFFFFF&#8221; header_2_font_size=&#8221;35px&#8221; hover_enabled=&#8221;0&#8243; header_2_text_align_tablet=&#8221;right&#8221; header_2_text_align_phone=&#8221;left&#8221; header_2_text_align_last_edited=&#8221;on|phone&#8221; locked=&#8221;off&#8221; global_colors_info=&#8221;{}&#8221; sticky_enabled=&#8221;0&#8243;]<\/p>\n<h2>Transfer around the world<\/h2>\n<p>[\/et_pb_text][et_pb_text _builder_version=&#8221;4.21.0&#8243; _module_preset=&#8221;default&#8221; text_text_color=&#8221;#FFFFFF&#8221; text_font_size=&#8221;16px&#8221; max_width_tablet=&#8221;&#8221; max_width_phone=&#8221;&#8221; max_width_last_edited=&#8221;on|phone&#8221; custom_margin=&#8221;37px|||||&#8221; hover_enabled=&#8221;0&#8243; global_colors_info=&#8221;{}&#8221; sticky_enabled=&#8221;0&#8243;]<\/p>\n<p>We carry out partial and complete transfers of assembly lines around the world with electrical, pneumatic and geometry servo.<\/p>\n<p>[\/et_pb_text][\/et_pb_column][\/et_pb_row][\/et_pb_section][et_pb_section fb_built=&#8221;1&#8243; _builder_version=&#8221;4.18.0&#8243; _module_preset=&#8221;default&#8221; da_disable_devices=&#8221;off|off|off&#8221; global_colors_info=&#8221;{}&#8221; da_is_popup=&#8221;off&#8221; da_exit_intent=&#8221;off&#8221; da_has_close=&#8221;on&#8221; da_alt_close=&#8221;off&#8221; da_dark_close=&#8221;off&#8221; da_not_modal=&#8221;on&#8221; da_is_singular=&#8221;off&#8221; da_with_loader=&#8221;off&#8221; da_has_shadow=&#8221;on&#8221;][\/et_pb_section]<\/p>\n","protected":false},"excerpt":{"rendered":"<p>Installation All around the world, closer to your&#8230;<\/p>\n","protected":false},"author":1,"featured_media":0,"parent":1786,"menu_order":0,"comment_status":"closed","ping_status":"closed","template":"","meta":{"_et_pb_use_builder":"on","_et_pb_old_content":"","_et_gb_content_width":"","footnotes":""},"class_list":["post-1856","page","type-page","status-publish","hentry"],"yoast_head":"<!-- This site is optimized with the Yoast SEO plugin v27.2 - https:\/\/yoast.com\/product\/yoast-seo-wordpress\/ -->\n<title>Installation - Mecanyvois<\/title>\n<meta name=\"robots\" content=\"index, follow, max-snippet:-1, max-image-preview:large, max-video-preview:-1\" \/>\n<link rel=\"canonical\" href=\"https:\/\/www.mecanyvois.com\/nos-activites\/installation\/\" \/>\n<meta property=\"og:locale\" content=\"en_US\" \/>\n<meta property=\"og:type\" content=\"article\" \/>\n<meta property=\"og:title\" content=\"Installation - Mecanyvois\" \/>\n<meta property=\"og:description\" content=\"Installation All around the world, closer to your...\" \/>\n<meta property=\"og:url\" content=\"https:\/\/www.mecanyvois.com\/nos-activites\/installation\/\" \/>\n<meta property=\"og:site_name\" content=\"Mecanyvois\" \/>\n<meta property=\"article:modified_time\" content=\"2023-06-05T08:05:22+00:00\" \/>\n<meta name=\"twitter:card\" content=\"summary_large_image\" \/>\n<meta name=\"twitter:label1\" content=\"Est. reading time\" \/>\n\t<meta name=\"twitter:data1\" content=\"2 minutes\" \/>\n<script type=\"application\/ld+json\" class=\"yoast-schema-graph\">{\"@context\":\"https:\/\/schema.org\",\"@graph\":[{\"@type\":\"WebPage\",\"@id\":\"https:\/\/www.mecanyvois.com\/nos-activites\/installation\/\",\"url\":\"https:\/\/www.mecanyvois.com\/nos-activites\/installation\/\",\"name\":\"Installation - Mecanyvois\",\"isPartOf\":{\"@id\":\"https:\/\/www.mecanyvois.com\/#website\"},\"datePublished\":\"2022-11-08T15:20:02+00:00\",\"dateModified\":\"2023-06-05T08:05:22+00:00\",\"breadcrumb\":{\"@id\":\"https:\/\/www.mecanyvois.com\/nos-activites\/installation\/#breadcrumb\"},\"inLanguage\":\"en-US\",\"potentialAction\":[{\"@type\":\"ReadAction\",\"target\":[\"https:\/\/www.mecanyvois.com\/nos-activites\/installation\/\"]}]},{\"@type\":\"BreadcrumbList\",\"@id\":\"https:\/\/www.mecanyvois.com\/nos-activites\/installation\/#breadcrumb\",\"itemListElement\":[{\"@type\":\"ListItem\",\"position\":1,\"name\":\"Accueil\",\"item\":\"https:\/\/www.mecanyvois.com\/en\/\"},{\"@type\":\"ListItem\",\"position\":2,\"name\":\"Activities\",\"item\":\"https:\/\/www.mecanyvois.com\/en\/our-activities\/\"},{\"@type\":\"ListItem\",\"position\":3,\"name\":\"Installation\"}]},{\"@type\":\"WebSite\",\"@id\":\"https:\/\/www.mecanyvois.com\/#website\",\"url\":\"https:\/\/www.mecanyvois.com\/\",\"name\":\"Mecanyvois\",\"description\":\"Les m\u00e9tiers conjugu\u00e9s de toute la m\u00e9canique\",\"publisher\":{\"@id\":\"https:\/\/www.mecanyvois.com\/#organization\"},\"potentialAction\":[{\"@type\":\"SearchAction\",\"target\":{\"@type\":\"EntryPoint\",\"urlTemplate\":\"https:\/\/www.mecanyvois.com\/?s={search_term_string}\"},\"query-input\":{\"@type\":\"PropertyValueSpecification\",\"valueRequired\":true,\"valueName\":\"search_term_string\"}}],\"inLanguage\":\"en-US\"},{\"@type\":\"Organization\",\"@id\":\"https:\/\/www.mecanyvois.com\/#organization\",\"name\":\"Mecanyvois\",\"url\":\"https:\/\/www.mecanyvois.com\/\",\"logo\":{\"@type\":\"ImageObject\",\"inLanguage\":\"en-US\",\"@id\":\"https:\/\/www.mecanyvois.com\/#\/schema\/logo\/image\/\",\"url\":\"https:\/\/www.mecanyvois.com\/files\/2023\/03\/logo-mecanyvois.png\",\"contentUrl\":\"https:\/\/www.mecanyvois.com\/files\/2023\/03\/logo-mecanyvois.png\",\"width\":1008,\"height\":400,\"caption\":\"Mecanyvois\"},\"image\":{\"@id\":\"https:\/\/www.mecanyvois.com\/#\/schema\/logo\/image\/\"}}]}<\/script>\n<!-- \/ Yoast SEO plugin. -->","yoast_head_json":{"title":"Installation - Mecanyvois","robots":{"index":"index","follow":"follow","max-snippet":"max-snippet:-1","max-image-preview":"max-image-preview:large","max-video-preview":"max-video-preview:-1"},"canonical":"https:\/\/www.mecanyvois.com\/nos-activites\/installation\/","og_locale":"en_US","og_type":"article","og_title":"Installation - Mecanyvois","og_description":"Installation All around the world, closer to your...","og_url":"https:\/\/www.mecanyvois.com\/nos-activites\/installation\/","og_site_name":"Mecanyvois","article_modified_time":"2023-06-05T08:05:22+00:00","twitter_card":"summary_large_image","twitter_misc":{"Est. reading time":"2 minutes"},"schema":{"@context":"https:\/\/schema.org","@graph":[{"@type":"WebPage","@id":"https:\/\/www.mecanyvois.com\/nos-activites\/installation\/","url":"https:\/\/www.mecanyvois.com\/nos-activites\/installation\/","name":"Installation - Mecanyvois","isPartOf":{"@id":"https:\/\/www.mecanyvois.com\/#website"},"datePublished":"2022-11-08T15:20:02+00:00","dateModified":"2023-06-05T08:05:22+00:00","breadcrumb":{"@id":"https:\/\/www.mecanyvois.com\/nos-activites\/installation\/#breadcrumb"},"inLanguage":"en-US","potentialAction":[{"@type":"ReadAction","target":["https:\/\/www.mecanyvois.com\/nos-activites\/installation\/"]}]},{"@type":"BreadcrumbList","@id":"https:\/\/www.mecanyvois.com\/nos-activites\/installation\/#breadcrumb","itemListElement":[{"@type":"ListItem","position":1,"name":"Accueil","item":"https:\/\/www.mecanyvois.com\/en\/"},{"@type":"ListItem","position":2,"name":"Activities","item":"https:\/\/www.mecanyvois.com\/en\/our-activities\/"},{"@type":"ListItem","position":3,"name":"Installation"}]},{"@type":"WebSite","@id":"https:\/\/www.mecanyvois.com\/#website","url":"https:\/\/www.mecanyvois.com\/","name":"Mecanyvois","description":"Les m\u00e9tiers conjugu\u00e9s de toute la m\u00e9canique","publisher":{"@id":"https:\/\/www.mecanyvois.com\/#organization"},"potentialAction":[{"@type":"SearchAction","target":{"@type":"EntryPoint","urlTemplate":"https:\/\/www.mecanyvois.com\/?s={search_term_string}"},"query-input":{"@type":"PropertyValueSpecification","valueRequired":true,"valueName":"search_term_string"}}],"inLanguage":"en-US"},{"@type":"Organization","@id":"https:\/\/www.mecanyvois.com\/#organization","name":"Mecanyvois","url":"https:\/\/www.mecanyvois.com\/","logo":{"@type":"ImageObject","inLanguage":"en-US","@id":"https:\/\/www.mecanyvois.com\/#\/schema\/logo\/image\/","url":"https:\/\/www.mecanyvois.com\/files\/2023\/03\/logo-mecanyvois.png","contentUrl":"https:\/\/www.mecanyvois.com\/files\/2023\/03\/logo-mecanyvois.png","width":1008,"height":400,"caption":"Mecanyvois"},"image":{"@id":"https:\/\/www.mecanyvois.com\/#\/schema\/logo\/image\/"}}]}},"_links":{"self":[{"href":"https:\/\/www.mecanyvois.com\/en\/wp-json\/wp\/v2\/pages\/1856","targetHints":{"allow":["GET"]}}],"collection":[{"href":"https:\/\/www.mecanyvois.com\/en\/wp-json\/wp\/v2\/pages"}],"about":[{"href":"https:\/\/www.mecanyvois.com\/en\/wp-json\/wp\/v2\/types\/page"}],"author":[{"embeddable":true,"href":"https:\/\/www.mecanyvois.com\/en\/wp-json\/wp\/v2\/users\/1"}],"replies":[{"embeddable":true,"href":"https:\/\/www.mecanyvois.com\/en\/wp-json\/wp\/v2\/comments?post=1856"}],"version-history":[{"count":3,"href":"https:\/\/www.mecanyvois.com\/en\/wp-json\/wp\/v2\/pages\/1856\/revisions"}],"predecessor-version":[{"id":1859,"href":"https:\/\/www.mecanyvois.com\/en\/wp-json\/wp\/v2\/pages\/1856\/revisions\/1859"}],"up":[{"embeddable":true,"href":"https:\/\/www.mecanyvois.com\/en\/wp-json\/wp\/v2\/pages\/1786"}],"wp:attachment":[{"href":"https:\/\/www.mecanyvois.com\/en\/wp-json\/wp\/v2\/media?parent=1856"}],"curies":[{"name":"wp","href":"https:\/\/api.w.org\/{rel}","templated":true}]}}